{"id":66,"date":"2024-05-04T20:05:05","date_gmt":"2024-05-04T17:05:05","guid":{"rendered":"https:\/\/kiralikvinc.web.tr\/?page_id=66"},"modified":"2024-05-04T22:17:34","modified_gmt":"2024-05-04T19:17:34","slug":"hizmetlerimiz","status":"publish","type":"page","link":"https:\/\/malatya.kiralikvinc.web.tr\/index.php\/hizmetlerimiz\/","title":{"rendered":"Hizmetlerimiz"},"content":{"rendered":"\n<!DOCTYPE html>\n<html>\n<head>\n  <title>Malatya Kiral\u0131k Vin\u00e7 &#8211; Hizmetlerimiz<\/title>\n<\/head>\n<body>\n  <h1>Hizmetlerimiz<\/h1>\n\n  <h2>Vin\u00e7 Kiralama<\/h2>\n  <p>Projenizin ihtiya\u00e7lar\u0131na uygun vin\u00e7 kiralama hizmeti sunuyoruz. Farkl\u0131 tonajlarda ve \u00f6zelliklerdeki vin\u00e7lerimizle, in\u015faat, ta\u015f\u0131mac\u0131l\u0131k, enerji sekt\u00f6r\u00fc ve daha fazlas\u0131 gibi \u00e7e\u015fitli projelerde size destek olmaktay\u0131z. Vin\u00e7lerimiz g\u00fcvenlik standartlar\u0131na uygun olarak d\u00fczenli olarak bak\u0131m ve kontrollerden ge\u00e7irilmekte ve her zaman y\u00fcksek performans sa\u011flamaktad\u0131r.<\/p>\n  <img loading=\"lazy\" decoding=\"async\" src=\"https:\/\/kiralikvinc.web.tr\/wp-content\/uploads\/2024\/05\/vinckiralama.webp\" alt=\"Vin\u00e7 Kiralama\" width=\"400\" height=\"300\">\n\n  <h2>Vin\u00e7 Operat\u00f6rleri<\/h2>\n  <p>Deneyimli ve ehliyetli operat\u00f6rlerimiz, vin\u00e7lerin etkin ve g\u00fcvenli bir \u015fekilde kullan\u0131lmas\u0131n\u0131 sa\u011flamaktad\u0131r. Projelerinizde operat\u00f6r ihtiyac\u0131n\u0131z oldu\u011funda, uzman kadromuz size yard\u0131mc\u0131 olmaktan memnuniyet duyacakt\u0131r. Operat\u00f6rlerimiz, g\u00fcvenlik protokollerine tam uyum sa\u011flayarak projenizin sorunsuz ilerlemesini sa\u011flar.<\/p>\n  <img loading=\"lazy\" decoding=\"async\" src=\"https:\/\/kiralikvinc.web.tr\/wp-content\/uploads\/2024\/05\/vinc-operatoru.jpg\" alt=\"Vin\u00e7 Operat\u00f6rleri\" width=\"400\" height=\"300\">\n\n  <h2>Montaj ve Demontaj<\/h2>\n  <p>\u0130n\u015faat sekt\u00f6r\u00fcnde montaj ve demontaj i\u015fleri i\u00e7in profesyonel \u00e7\u00f6z\u00fcmler sunmaktay\u0131z. Vin\u00e7lerimiz ve deneyimli ekibimizle, \u00e7e\u015fitli yap\u0131lar\u0131n montaj\u0131n\u0131 ve demontaj\u0131n\u0131 ger\u00e7ekle\u015ftiriyoruz. G\u00fcvenlik, hassasiyet ve zaman\u0131nda teslimat konular\u0131nda titizlikle \u00e7al\u0131\u015farak projenize de\u011fer kat\u0131yoruz.<\/p>\n  <img loading=\"lazy\" decoding=\"async\" src=\"https:\/\/kiralikvinc.web.tr\/wp-content\/uploads\/2024\/05\/montaj.jpeg\" alt=\"Montaj ve Demontaj\" width=\"400\" height=\"300\">\n\n<\/body>\n<\/html>\n","protected":false},"excerpt":{"rendered":"<p>Malatya Kiral\u0131k Vin\u00e7 &#8211; Hizmetlerimiz Hizmetlerimiz Vin\u00e7 Kiralama Projenizin ihtiya\u00e7lar\u0131na uygun vin\u00e7 kiralama hizmeti sunuyoruz. Farkl\u0131 tonajlarda ve \u00f6zelliklerdeki vin\u00e7lerimizle, in\u015faat, ta\u015f\u0131mac\u0131l\u0131k, enerji sekt\u00f6r\u00fc ve daha fazlas\u0131 gibi \u00e7e\u015fitli projelerde size destek olmaktay\u0131z. Vin\u00e7lerimiz g\u00fcvenlik standartlar\u0131na uygun olarak d\u00fczenli olarak bak\u0131m ve kontrollerden ge\u00e7irilmekte ve her zaman y\u00fcksek performans sa\u011flamaktad\u0131r. Vin\u00e7 Operat\u00f6rleri Deneyimli ve ehliyetli [&hellip;]<\/p>\n","protected":false},"author":1,"featured_media":0,"parent":0,"menu_order":0,"comment_status":"closed","ping_status":"closed","template":"","meta":{"footnotes":""},"class_list":["post-66","page","type-page","status-publish","hentry"],"yoast_head":"<!-- This site is optimized with the Yoast SEO plugin v22.6 - https:\/\/yoast.com\/wordpress\/plugins\/seo\/ -->\n<title>Hizmetlerimiz - Malatya Kiral\u0131k Vin\u00e7<\/title>\n<meta name=\"description\" content=\"10- 100 Ton aras\u0131 vin\u00e7lerimiz, Sepetli platformlar\u0131m\u0131zla, Malatya Kiral\u0131k Vin\u00e7 olarak, Malatya&#039;da Vin\u00e7 Kiralama ihtiya\u00e7lar\u0131n\u0131 kar\u015f\u0131l\u0131yoruz.\" \/>\n<meta name=\"robots\" content=\"index, follow, max-snippet:-1, max-image-preview:large, max-video-preview:-1\" \/>\n<link rel=\"canonical\" href=\"https:\/\/malatya.kiralikvinc.web.tr\/index.php\/hizmetlerimiz\/\" \/>\n<meta property=\"og:locale\" content=\"tr_TR\" \/>\n<meta property=\"og:type\" content=\"article\" \/>\n<meta property=\"og:title\" content=\"Hizmetlerimiz - Malatya Kiral\u0131k Vin\u00e7\" \/>\n<meta property=\"og:description\" content=\"10- 100 Ton aras\u0131 vin\u00e7lerimiz, Sepetli platformlar\u0131m\u0131zla, Malatya Kiral\u0131k Vin\u00e7 olarak, Malatya&#039;da Vin\u00e7 Kiralama ihtiya\u00e7lar\u0131n\u0131 kar\u015f\u0131l\u0131yoruz.\" \/>\n<meta property=\"og:url\" content=\"https:\/\/malatya.kiralikvinc.web.tr\/index.php\/hizmetlerimiz\/\" \/>\n<meta property=\"og:site_name\" content=\"Malatya Kiral\u0131k Vin\u00e7\" \/>\n<meta property=\"article:modified_time\" content=\"2024-05-04T19:17:34+00:00\" \/>\n<meta property=\"og:image\" content=\"https:\/\/kiralikvinc.web.tr\/wp-content\/uploads\/2024\/05\/vinckiralama.webp\" \/>\n<meta name=\"twitter:card\" content=\"summary_large_image\" \/>\n<meta name=\"twitter:label1\" content=\"Tahmini okuma s\u00fcresi\" \/>\n\t<meta name=\"twitter:data1\" content=\"2 dakika\" \/>\n<script type=\"application\/ld+json\" class=\"yoast-schema-graph\">{\"@context\":\"https:\/\/schema.org\",\"@graph\":[{\"@type\":\"WebPage\",\"@id\":\"https:\/\/malatya.kiralikvinc.web.tr\/index.php\/hizmetlerimiz\/\",\"url\":\"https:\/\/malatya.kiralikvinc.web.tr\/index.php\/hizmetlerimiz\/\",\"name\":\"Hizmetlerimiz - Malatya Kiral\u0131k Vin\u00e7\",\"isPartOf\":{\"@id\":\"https:\/\/malatya.kiralikvinc.web.tr\/#website\"},\"primaryImageOfPage\":{\"@id\":\"https:\/\/malatya.kiralikvinc.web.tr\/index.php\/hizmetlerimiz\/#primaryimage\"},\"image\":{\"@id\":\"https:\/\/malatya.kiralikvinc.web.tr\/index.php\/hizmetlerimiz\/#primaryimage\"},\"thumbnailUrl\":\"https:\/\/kiralikvinc.web.tr\/wp-content\/uploads\/2024\/05\/vinckiralama.webp\",\"datePublished\":\"2024-05-04T17:05:05+00:00\",\"dateModified\":\"2024-05-04T19:17:34+00:00\",\"description\":\"10- 100 Ton aras\u0131 vin\u00e7lerimiz, Sepetli platformlar\u0131m\u0131zla, Malatya Kiral\u0131k Vin\u00e7 olarak, Malatya'da Vin\u00e7 Kiralama ihtiya\u00e7lar\u0131n\u0131 kar\u015f\u0131l\u0131yoruz.\",\"breadcrumb\":{\"@id\":\"https:\/\/malatya.kiralikvinc.web.tr\/index.php\/hizmetlerimiz\/#breadcrumb\"},\"inLanguage\":\"tr\",\"potentialAction\":[{\"@type\":\"ReadAction\",\"target\":[\"https:\/\/malatya.kiralikvinc.web.tr\/index.php\/hizmetlerimiz\/\"]}]},{\"@type\":\"ImageObject\",\"inLanguage\":\"tr\",\"@id\":\"https:\/\/malatya.kiralikvinc.web.tr\/index.php\/hizmetlerimiz\/#primaryimage\",\"url\":\"https:\/\/kiralikvinc.web.tr\/wp-content\/uploads\/2024\/05\/vinckiralama.webp\",\"contentUrl\":\"https:\/\/kiralikvinc.web.tr\/wp-content\/uploads\/2024\/05\/vinckiralama.webp\"},{\"@type\":\"BreadcrumbList\",\"@id\":\"https:\/\/malatya.kiralikvinc.web.tr\/index.php\/hizmetlerimiz\/#breadcrumb\",\"itemListElement\":[{\"@type\":\"ListItem\",\"position\":1,\"name\":\"Anasayfa\",\"item\":\"https:\/\/malatya.kiralikvinc.web.tr\/\"},{\"@type\":\"ListItem\",\"position\":2,\"name\":\"Hizmetlerimiz\"}]},{\"@type\":\"WebSite\",\"@id\":\"https:\/\/malatya.kiralikvinc.web.tr\/#website\",\"url\":\"https:\/\/malatya.kiralikvinc.web.tr\/\",\"name\":\"Malatya Kiral\u0131k Vin\u00e7\",\"description\":\"\",\"potentialAction\":[{\"@type\":\"SearchAction\",\"target\":{\"@type\":\"EntryPoint\",\"urlTemplate\":\"https:\/\/malatya.kiralikvinc.web.tr\/?s={search_term_string}\"},\"query-input\":\"required name=search_term_string\"}],\"inLanguage\":\"tr\"}]}<\/script>\n<!-- \/ Yoast SEO plugin. -->","yoast_head_json":{"title":"Hizmetlerimiz - Malatya Kiral\u0131k Vin\u00e7","description":"10- 100 Ton aras\u0131 vin\u00e7lerimiz, Sepetli platformlar\u0131m\u0131zla, Malatya Kiral\u0131k Vin\u00e7 olarak, Malatya'da Vin\u00e7 Kiralama ihtiya\u00e7lar\u0131n\u0131 kar\u015f\u0131l\u0131yoruz.","robots":{"index":"index","follow":"follow","max-snippet":"max-snippet:-1","max-image-preview":"max-image-preview:large","max-video-preview":"max-video-preview:-1"},"canonical":"https:\/\/malatya.kiralikvinc.web.tr\/index.php\/hizmetlerimiz\/","og_locale":"tr_TR","og_type":"article","og_title":"Hizmetlerimiz - Malatya Kiral\u0131k Vin\u00e7","og_description":"10- 100 Ton aras\u0131 vin\u00e7lerimiz, Sepetli platformlar\u0131m\u0131zla, Malatya Kiral\u0131k Vin\u00e7 olarak, Malatya'da Vin\u00e7 Kiralama ihtiya\u00e7lar\u0131n\u0131 kar\u015f\u0131l\u0131yoruz.","og_url":"https:\/\/malatya.kiralikvinc.web.tr\/index.php\/hizmetlerimiz\/","og_site_name":"Malatya Kiral\u0131k Vin\u00e7","article_modified_time":"2024-05-04T19:17:34+00:00","og_image":[{"url":"https:\/\/kiralikvinc.web.tr\/wp-content\/uploads\/2024\/05\/vinckiralama.webp"}],"twitter_card":"summary_large_image","twitter_misc":{"Tahmini okuma s\u00fcresi":"2 dakika"},"schema":{"@context":"https:\/\/schema.org","@graph":[{"@type":"WebPage","@id":"https:\/\/malatya.kiralikvinc.web.tr\/index.php\/hizmetlerimiz\/","url":"https:\/\/malatya.kiralikvinc.web.tr\/index.php\/hizmetlerimiz\/","name":"Hizmetlerimiz - Malatya Kiral\u0131k Vin\u00e7","isPartOf":{"@id":"https:\/\/malatya.kiralikvinc.web.tr\/#website"},"primaryImageOfPage":{"@id":"https:\/\/malatya.kiralikvinc.web.tr\/index.php\/hizmetlerimiz\/#primaryimage"},"image":{"@id":"https:\/\/malatya.kiralikvinc.web.tr\/index.php\/hizmetlerimiz\/#primaryimage"},"thumbnailUrl":"https:\/\/kiralikvinc.web.tr\/wp-content\/uploads\/2024\/05\/vinckiralama.webp","datePublished":"2024-05-04T17:05:05+00:00","dateModified":"2024-05-04T19:17:34+00:00","description":"10- 100 Ton aras\u0131 vin\u00e7lerimiz, Sepetli platformlar\u0131m\u0131zla, Malatya Kiral\u0131k Vin\u00e7 olarak, Malatya'da Vin\u00e7 Kiralama ihtiya\u00e7lar\u0131n\u0131 kar\u015f\u0131l\u0131yoruz.","breadcrumb":{"@id":"https:\/\/malatya.kiralikvinc.web.tr\/index.php\/hizmetlerimiz\/#breadcrumb"},"inLanguage":"tr","potentialAction":[{"@type":"ReadAction","target":["https:\/\/malatya.kiralikvinc.web.tr\/index.php\/hizmetlerimiz\/"]}]},{"@type":"ImageObject","inLanguage":"tr","@id":"https:\/\/malatya.kiralikvinc.web.tr\/index.php\/hizmetlerimiz\/#primaryimage","url":"https:\/\/kiralikvinc.web.tr\/wp-content\/uploads\/2024\/05\/vinckiralama.webp","contentUrl":"https:\/\/kiralikvinc.web.tr\/wp-content\/uploads\/2024\/05\/vinckiralama.webp"},{"@type":"BreadcrumbList","@id":"https:\/\/malatya.kiralikvinc.web.tr\/index.php\/hizmetlerimiz\/#breadcrumb","itemListElement":[{"@type":"ListItem","position":1,"name":"Anasayfa","item":"https:\/\/malatya.kiralikvinc.web.tr\/"},{"@type":"ListItem","position":2,"name":"Hizmetlerimiz"}]},{"@type":"WebSite","@id":"https:\/\/malatya.kiralikvinc.web.tr\/#website","url":"https:\/\/malatya.kiralikvinc.web.tr\/","name":"Malatya Kiral\u0131k Vin\u00e7","description":"","potentialAction":[{"@type":"SearchAction","target":{"@type":"EntryPoint","urlTemplate":"https:\/\/malatya.kiralikvinc.web.tr\/?s={search_term_string}"},"query-input":"required name=search_term_string"}],"inLanguage":"tr"}]}},"_links":{"self":[{"href":"https:\/\/malatya.kiralikvinc.web.tr\/index.php\/wp-json\/wp\/v2\/pages\/66","targetHints":{"allow":["GET"]}}],"collection":[{"href":"https:\/\/malatya.kiralikvinc.web.tr\/index.php\/wp-json\/wp\/v2\/pages"}],"about":[{"href":"https:\/\/malatya.kiralikvinc.web.tr\/index.php\/wp-json\/wp\/v2\/types\/page"}],"author":[{"embeddable":true,"href":"https:\/\/malatya.kiralikvinc.web.tr\/index.php\/wp-json\/wp\/v2\/users\/1"}],"replies":[{"embeddable":true,"href":"https:\/\/malatya.kiralikvinc.web.tr\/index.php\/wp-json\/wp\/v2\/comments?post=66"}],"version-history":[{"count":7,"href":"https:\/\/malatya.kiralikvinc.web.tr\/index.php\/wp-json\/wp\/v2\/pages\/66\/revisions"}],"predecessor-version":[{"id":95,"href":"https:\/\/malatya.kiralikvinc.web.tr\/index.php\/wp-json\/wp\/v2\/pages\/66\/revisions\/95"}],"wp:attachment":[{"href":"https:\/\/malatya.kiralikvinc.web.tr\/index.php\/wp-json\/wp\/v2\/media?parent=66"}],"curies":[{"name":"wp","href":"https:\/\/api.w.org\/{rel}","templated":true}]}}